{"id":5793,"date":"2016-08-10T12:18:40","date_gmt":"2016-08-10T12:18:40","guid":{"rendered":"https:\/\/playas-valencia.com\/todas-las-playas\/"},"modified":"2017-03-21T13:56:53","modified_gmt":"2017-03-21T13:56:53","slug":"alle-strande","status":"publish","type":"page","link":"https:\/\/playas-valencia.com\/de\/alle-strande\/","title":{"rendered":"Alle Str\u00e4nde"},"content":{"rendered":"<p>[vc_row widthopt=&#8220;&#8220; fixedbg=&#8220;&#8220; footerrow=&#8220;&#8220; css=&#8220;.vc_custom_1470831663006{margin-top: 120px !important;}&#8220;][vc_column]<div class='pflistgridviewBAkWbcHVmDOQ-container pflistgridviewgr-container pflistgridajaxview clearfix' \n          data-gridorj='BAkWbcHVmDOQ' \n          data-grid='pf_BAkWbcHVmDOQ' \n          data-sortby='ASC' \n          data-orderby='title' \n          data-items='75' \n          data-cols='4' \n          data-posts_in='' \n          data-filters='true' \n          data-itemboxbg='#FFFFFF' \n          data-grid_layout_mode='fitRows' \n          data-listingtype_x='' \n          data-itemtype_x='' \n          data-conditions_x='' \n          data-locationtype_x='' \n          data-features_x='' \n          data-featureditems='' \n          data-featureditemshide='' \n          data-authormode='0' \n          data-agentmode='0' \n          data-author='' \n          data-related='0' \n          data-relatedcpi='0' \n          data-tag='' \n          data-pfrandomize='yes' \n          data-nonce='68082a4203' \n          data-isrtl='' \n          data-page='' \n          data-package='' \n          data-gfdistance='' \n          data-geofiltersel='' \n          data-geofiltercor='' \n          ><\/div>[\/vc_column][\/vc_row]<\/p>\n","protected":false},"excerpt":{"rendered":"<p>[vc_row widthopt=&#8220;&#8220; fixedbg=&#8220;&#8220; footerrow=&#8220;&#8220; css=&#8220;.vc_custom_1470831663006{margin-top: 120px !important;}&#8220;][vc_column][\/vc_column][\/vc_row]<\/p>\n","protected":false},"author":2,"featured_media":0,"parent":0,"menu_order":0,"comment_status":"closed","ping_status":"closed","template":"","meta":{"footnotes":""},"class_list":["post-5793","page","type-page","status-publish","hentry"],"acf":[],"yoast_head":"<!-- This site is optimized with the Yoast SEO plugin v19.10 - https:\/\/yoast.com\/wordpress\/plugins\/seo\/ -->\n<title>Alle Str\u00e4nde|Str\u00e4nde in Valencia, Spanien<\/title>\n<meta name=\"description\" content=\"Alle Str\u00e4nde in Valencia, Spanien. Suchen Str\u00e4nde in der Provinz Valencia, Spanien.\" \/>\n<meta name=\"robots\" content=\"index, follow, max-snippet:-1, max-image-preview:large, max-video-preview:-1\" \/>\n<link rel=\"canonical\" href=\"https:\/\/playas-valencia.com\/de\/alle-strande\/\" \/>\n<meta property=\"og:locale\" content=\"de_DE\" \/>\n<meta property=\"og:type\" content=\"article\" \/>\n<meta property=\"og:title\" content=\"Alle Str\u00e4nde|Str\u00e4nde in Valencia, Spanien\" \/>\n<meta property=\"og:description\" content=\"Alle Str\u00e4nde in Valencia, Spanien. Suchen Str\u00e4nde in der Provinz Valencia, Spanien.\" \/>\n<meta property=\"og:url\" content=\"https:\/\/playas-valencia.com\/de\/alle-strande\/\" \/>\n<meta property=\"og:site_name\" content=\"Playas de Valencia\" \/>\n<meta property=\"article:modified_time\" content=\"2017-03-21T13:56:53+00:00\" \/>\n<meta name=\"twitter:card\" content=\"summary_large_image\" \/>\n<script type=\"application\/ld+json\" class=\"yoast-schema-graph\">{\"@context\":\"https:\/\/schema.org\",\"@graph\":[{\"@type\":\"WebPage\",\"@id\":\"https:\/\/playas-valencia.com\/de\/alle-strande\/\",\"url\":\"https:\/\/playas-valencia.com\/de\/alle-strande\/\",\"name\":\"Alle Str\u00e4nde|Str\u00e4nde in Valencia, Spanien\",\"isPartOf\":{\"@id\":\"https:\/\/playas-valencia.com\/#website\"},\"datePublished\":\"2016-08-10T12:18:40+00:00\",\"dateModified\":\"2017-03-21T13:56:53+00:00\",\"description\":\"Alle Str\u00e4nde in Valencia, Spanien. Suchen Str\u00e4nde in der Provinz Valencia, Spanien.\",\"breadcrumb\":{\"@id\":\"https:\/\/playas-valencia.com\/de\/alle-strande\/#breadcrumb\"},\"inLanguage\":\"de\",\"potentialAction\":[{\"@type\":\"ReadAction\",\"target\":[\"https:\/\/playas-valencia.com\/de\/alle-strande\/\"]}]},{\"@type\":\"BreadcrumbList\",\"@id\":\"https:\/\/playas-valencia.com\/de\/alle-strande\/#breadcrumb\",\"itemListElement\":[{\"@type\":\"ListItem\",\"position\":1,\"name\":\"Startseite\",\"item\":\"https:\/\/playas-valencia.com\/de\/\"},{\"@type\":\"ListItem\",\"position\":2,\"name\":\"Alle Str\u00e4nde\"}]},{\"@type\":\"WebSite\",\"@id\":\"https:\/\/playas-valencia.com\/#website\",\"url\":\"https:\/\/playas-valencia.com\/\",\"name\":\"Playas de Valencia\",\"description\":\"Directorio de playas\",\"potentialAction\":[{\"@type\":\"SearchAction\",\"target\":{\"@type\":\"EntryPoint\",\"urlTemplate\":\"https:\/\/playas-valencia.com\/?s={search_term_string}\"},\"query-input\":\"required name=search_term_string\"}],\"inLanguage\":\"de\"}]}<\/script>\n<!-- \/ Yoast SEO plugin. -->","yoast_head_json":{"title":"Alle Str\u00e4nde|Str\u00e4nde in Valencia, Spanien","description":"Alle Str\u00e4nde in Valencia, Spanien. Suchen Str\u00e4nde in der Provinz Valencia, Spanien.","robots":{"index":"index","follow":"follow","max-snippet":"max-snippet:-1","max-image-preview":"max-image-preview:large","max-video-preview":"max-video-preview:-1"},"canonical":"https:\/\/playas-valencia.com\/de\/alle-strande\/","og_locale":"de_DE","og_type":"article","og_title":"Alle Str\u00e4nde|Str\u00e4nde in Valencia, Spanien","og_description":"Alle Str\u00e4nde in Valencia, Spanien. Suchen Str\u00e4nde in der Provinz Valencia, Spanien.","og_url":"https:\/\/playas-valencia.com\/de\/alle-strande\/","og_site_name":"Playas de Valencia","article_modified_time":"2017-03-21T13:56:53+00:00","twitter_card":"summary_large_image","schema":{"@context":"https:\/\/schema.org","@graph":[{"@type":"WebPage","@id":"https:\/\/playas-valencia.com\/de\/alle-strande\/","url":"https:\/\/playas-valencia.com\/de\/alle-strande\/","name":"Alle Str\u00e4nde|Str\u00e4nde in Valencia, Spanien","isPartOf":{"@id":"https:\/\/playas-valencia.com\/#website"},"datePublished":"2016-08-10T12:18:40+00:00","dateModified":"2017-03-21T13:56:53+00:00","description":"Alle Str\u00e4nde in Valencia, Spanien. Suchen Str\u00e4nde in der Provinz Valencia, Spanien.","breadcrumb":{"@id":"https:\/\/playas-valencia.com\/de\/alle-strande\/#breadcrumb"},"inLanguage":"de","potentialAction":[{"@type":"ReadAction","target":["https:\/\/playas-valencia.com\/de\/alle-strande\/"]}]},{"@type":"BreadcrumbList","@id":"https:\/\/playas-valencia.com\/de\/alle-strande\/#breadcrumb","itemListElement":[{"@type":"ListItem","position":1,"name":"Startseite","item":"https:\/\/playas-valencia.com\/de\/"},{"@type":"ListItem","position":2,"name":"Alle Str\u00e4nde"}]},{"@type":"WebSite","@id":"https:\/\/playas-valencia.com\/#website","url":"https:\/\/playas-valencia.com\/","name":"Playas de Valencia","description":"Directorio de playas","potentialAction":[{"@type":"SearchAction","target":{"@type":"EntryPoint","urlTemplate":"https:\/\/playas-valencia.com\/?s={search_term_string}"},"query-input":"required name=search_term_string"}],"inLanguage":"de"}]}},"_links":{"self":[{"href":"https:\/\/playas-valencia.com\/de\/wp-json\/wp\/v2\/pages\/5793"}],"collection":[{"href":"https:\/\/playas-valencia.com\/de\/wp-json\/wp\/v2\/pages"}],"about":[{"href":"https:\/\/playas-valencia.com\/de\/wp-json\/wp\/v2\/types\/page"}],"author":[{"embeddable":true,"href":"https:\/\/playas-valencia.com\/de\/wp-json\/wp\/v2\/users\/2"}],"replies":[{"embeddable":true,"href":"https:\/\/playas-valencia.com\/de\/wp-json\/wp\/v2\/comments?post=5793"}],"version-history":[{"count":2,"href":"https:\/\/playas-valencia.com\/de\/wp-json\/wp\/v2\/pages\/5793\/revisions"}],"predecessor-version":[{"id":5797,"href":"https:\/\/playas-valencia.com\/de\/wp-json\/wp\/v2\/pages\/5793\/revisions\/5797"}],"wp:attachment":[{"href":"https:\/\/playas-valencia.com\/de\/wp-json\/wp\/v2\/media?parent=5793"}],"curies":[{"name":"wp","href":"https:\/\/api.w.org\/{rel}","templated":true}]}}