{"id":5800,"date":"2016-08-11T10:15:20","date_gmt":"2016-08-11T10:15:20","guid":{"rendered":"https:\/\/playas-valencia.com\/actividades\/"},"modified":"2017-03-21T14:13:50","modified_gmt":"2017-03-21T14:13:50","slug":"aktivitaten","status":"publish","type":"page","link":"https:\/\/playas-valencia.com\/de\/aktivitaten\/","title":{"rendered":"Aktivit\u00e4ten"},"content":{"rendered":"<p>[vc_row widthopt=&#8220;&#8220; fixedbg=&#8220;&#8220; footerrow=&#8220;&#8220; css=&#8220;.vc_custom_1470910668876{margin-top: 140px !important;}&#8220;][vc_column][vc_column_text]<iframe loading=\"lazy\" src=\"https:\/\/aravolo.com\/de\/playasvalencia\/?iframe\" width=\"100%\" height=\"2300px\"><br \/>\nSu explorador no acepta iframes<br \/>\n<\/iframe>[\/vc_column_text][vc_column_text]<iframe loading=\"lazy\" src=\"http:\/\/www.aravolo.com\/playasvalencia\/?iframe\" width=\"100%\" height=\"2300px\"><br \/>\nSu explorador no acepta iframes<br \/>\n<\/iframe>[\/vc_column_text][\/vc_column][\/vc_row]<\/p>\n","protected":false},"excerpt":{"rendered":"<p>[vc_row widthopt=&#8220;&#8220; fixedbg=&#8220;&#8220; footerrow=&#8220;&#8220; css=&#8220;.vc_custom_1470910668876{margin-top: 140px !important;}&#8220;][vc_column][vc_column_text] Su explorador no acepta iframes [\/vc_column_text][vc_column_text] Su explorador no acepta iframes [\/vc_column_text][\/vc_column][\/vc_row]<\/p>\n","protected":false},"author":2,"featured_media":0,"parent":0,"menu_order":0,"comment_status":"closed","ping_status":"closed","template":"","meta":{"footnotes":""},"class_list":["post-5800","page","type-page","status-publish","hentry"],"acf":[],"yoast_head":"<!-- This site is optimized with the Yoast SEO plugin v19.10 - https:\/\/yoast.com\/wordpress\/plugins\/seo\/ -->\n<title>Aktivit\u00e4ten in Valencia | Tickets | Karten | Str\u00e4nde Valencia<\/title>\n<meta name=\"description\" content=\"Finden Sie die besten Aktivit\u00e4ten in Valencia zu unschlagbaren Preisen. Tickets Bioparc, Stadt der K\u00fcnste und Wissenschaften, Touren, Ausfl\u00fcge, etc ..\" \/>\n<meta name=\"robots\" content=\"index, follow, max-snippet:-1, max-image-preview:large, max-video-preview:-1\" \/>\n<link rel=\"canonical\" href=\"https:\/\/playas-valencia.com\/de\/aktivitaten\/\" \/>\n<meta property=\"og:locale\" content=\"de_DE\" \/>\n<meta property=\"og:type\" content=\"article\" \/>\n<meta property=\"og:title\" content=\"Aktivit\u00e4ten in Valencia | Tickets | Karten | Str\u00e4nde Valencia\" \/>\n<meta property=\"og:description\" content=\"Finden Sie die besten Aktivit\u00e4ten in Valencia zu unschlagbaren Preisen. Tickets Bioparc, Stadt der K\u00fcnste und Wissenschaften, Touren, Ausfl\u00fcge, etc ..\" \/>\n<meta property=\"og:url\" content=\"https:\/\/playas-valencia.com\/de\/aktivitaten\/\" \/>\n<meta property=\"og:site_name\" content=\"Playas de Valencia\" \/>\n<meta property=\"article:modified_time\" content=\"2017-03-21T14:13:50+00:00\" \/>\n<meta name=\"twitter:card\" content=\"summary_large_image\" \/>\n<script type=\"application\/ld+json\" class=\"yoast-schema-graph\">{\"@context\":\"https:\/\/schema.org\",\"@graph\":[{\"@type\":\"WebPage\",\"@id\":\"https:\/\/playas-valencia.com\/de\/aktivitaten\/\",\"url\":\"https:\/\/playas-valencia.com\/de\/aktivitaten\/\",\"name\":\"Aktivit\u00e4ten in Valencia | Tickets | Karten | Str\u00e4nde Valencia\",\"isPartOf\":{\"@id\":\"https:\/\/playas-valencia.com\/#website\"},\"datePublished\":\"2016-08-11T10:15:20+00:00\",\"dateModified\":\"2017-03-21T14:13:50+00:00\",\"description\":\"Finden Sie die besten Aktivit\u00e4ten in Valencia zu unschlagbaren Preisen. Tickets Bioparc, Stadt der K\u00fcnste und Wissenschaften, Touren, Ausfl\u00fcge, etc ..\",\"breadcrumb\":{\"@id\":\"https:\/\/playas-valencia.com\/de\/aktivitaten\/#breadcrumb\"},\"inLanguage\":\"de\",\"potentialAction\":[{\"@type\":\"ReadAction\",\"target\":[\"https:\/\/playas-valencia.com\/de\/aktivitaten\/\"]}]},{\"@type\":\"BreadcrumbList\",\"@id\":\"https:\/\/playas-valencia.com\/de\/aktivitaten\/#breadcrumb\",\"itemListElement\":[{\"@type\":\"ListItem\",\"position\":1,\"name\":\"Startseite\",\"item\":\"https:\/\/playas-valencia.com\/de\/\"},{\"@type\":\"ListItem\",\"position\":2,\"name\":\"Aktivit\u00e4ten\"}]},{\"@type\":\"WebSite\",\"@id\":\"https:\/\/playas-valencia.com\/#website\",\"url\":\"https:\/\/playas-valencia.com\/\",\"name\":\"Playas de Valencia\",\"description\":\"Directorio de playas\",\"potentialAction\":[{\"@type\":\"SearchAction\",\"target\":{\"@type\":\"EntryPoint\",\"urlTemplate\":\"https:\/\/playas-valencia.com\/?s={search_term_string}\"},\"query-input\":\"required name=search_term_string\"}],\"inLanguage\":\"de\"}]}<\/script>\n<!-- \/ Yoast SEO plugin. -->","yoast_head_json":{"title":"Aktivit\u00e4ten in Valencia | Tickets | Karten | Str\u00e4nde Valencia","description":"Finden Sie die besten Aktivit\u00e4ten in Valencia zu unschlagbaren Preisen. Tickets Bioparc, Stadt der K\u00fcnste und Wissenschaften, Touren, Ausfl\u00fcge, etc ..","robots":{"index":"index","follow":"follow","max-snippet":"max-snippet:-1","max-image-preview":"max-image-preview:large","max-video-preview":"max-video-preview:-1"},"canonical":"https:\/\/playas-valencia.com\/de\/aktivitaten\/","og_locale":"de_DE","og_type":"article","og_title":"Aktivit\u00e4ten in Valencia | Tickets | Karten | Str\u00e4nde Valencia","og_description":"Finden Sie die besten Aktivit\u00e4ten in Valencia zu unschlagbaren Preisen. Tickets Bioparc, Stadt der K\u00fcnste und Wissenschaften, Touren, Ausfl\u00fcge, etc ..","og_url":"https:\/\/playas-valencia.com\/de\/aktivitaten\/","og_site_name":"Playas de Valencia","article_modified_time":"2017-03-21T14:13:50+00:00","twitter_card":"summary_large_image","schema":{"@context":"https:\/\/schema.org","@graph":[{"@type":"WebPage","@id":"https:\/\/playas-valencia.com\/de\/aktivitaten\/","url":"https:\/\/playas-valencia.com\/de\/aktivitaten\/","name":"Aktivit\u00e4ten in Valencia | Tickets | Karten | Str\u00e4nde Valencia","isPartOf":{"@id":"https:\/\/playas-valencia.com\/#website"},"datePublished":"2016-08-11T10:15:20+00:00","dateModified":"2017-03-21T14:13:50+00:00","description":"Finden Sie die besten Aktivit\u00e4ten in Valencia zu unschlagbaren Preisen. Tickets Bioparc, Stadt der K\u00fcnste und Wissenschaften, Touren, Ausfl\u00fcge, etc ..","breadcrumb":{"@id":"https:\/\/playas-valencia.com\/de\/aktivitaten\/#breadcrumb"},"inLanguage":"de","potentialAction":[{"@type":"ReadAction","target":["https:\/\/playas-valencia.com\/de\/aktivitaten\/"]}]},{"@type":"BreadcrumbList","@id":"https:\/\/playas-valencia.com\/de\/aktivitaten\/#breadcrumb","itemListElement":[{"@type":"ListItem","position":1,"name":"Startseite","item":"https:\/\/playas-valencia.com\/de\/"},{"@type":"ListItem","position":2,"name":"Aktivit\u00e4ten"}]},{"@type":"WebSite","@id":"https:\/\/playas-valencia.com\/#website","url":"https:\/\/playas-valencia.com\/","name":"Playas de Valencia","description":"Directorio de playas","potentialAction":[{"@type":"SearchAction","target":{"@type":"EntryPoint","urlTemplate":"https:\/\/playas-valencia.com\/?s={search_term_string}"},"query-input":"required name=search_term_string"}],"inLanguage":"de"}]}},"_links":{"self":[{"href":"https:\/\/playas-valencia.com\/de\/wp-json\/wp\/v2\/pages\/5800"}],"collection":[{"href":"https:\/\/playas-valencia.com\/de\/wp-json\/wp\/v2\/pages"}],"about":[{"href":"https:\/\/playas-valencia.com\/de\/wp-json\/wp\/v2\/types\/page"}],"author":[{"embeddable":true,"href":"https:\/\/playas-valencia.com\/de\/wp-json\/wp\/v2\/users\/2"}],"replies":[{"embeddable":true,"href":"https:\/\/playas-valencia.com\/de\/wp-json\/wp\/v2\/comments?post=5800"}],"version-history":[{"count":3,"href":"https:\/\/playas-valencia.com\/de\/wp-json\/wp\/v2\/pages\/5800\/revisions"}],"predecessor-version":[{"id":5809,"href":"https:\/\/playas-valencia.com\/de\/wp-json\/wp\/v2\/pages\/5800\/revisions\/5809"}],"wp:attachment":[{"href":"https:\/\/playas-valencia.com\/de\/wp-json\/wp\/v2\/media?parent=5800"}],"curies":[{"name":"wp","href":"https:\/\/api.w.org\/{rel}","templated":true}]}}