{"id":4555,"date":"2016-08-11T10:15:20","date_gmt":"2016-08-11T10:15:20","guid":{"rendered":"https:\/\/playas-valencia.com\/fr\/actividades\/"},"modified":"2017-03-21T14:17:22","modified_gmt":"2017-03-21T14:17:22","slug":"activites","status":"publish","type":"page","link":"https:\/\/playas-valencia.com\/fr\/activites\/","title":{"rendered":"Activit\u00e9s"},"content":{"rendered":"<p>[vc_row widthopt=\u00a0\u00bb\u00a0\u00bb fixedbg=\u00a0\u00bb\u00a0\u00bb footerrow=\u00a0\u00bb\u00a0\u00bb css=\u00a0\u00bb.vc_custom_1470910668876{margin-top: 140px !important;}\u00a0\u00bb][vc_column][vc_column_text]<iframe loading=\"lazy\" src=\"https:\/\/www.aravolo.com\/fr\/playasvalencia\/?iframe\" width=\"100%\" height=\"2300px\"><br \/>\nSu explorador no acepta iframes<br \/>\n<\/iframe>[\/vc_column_text][\/vc_column][\/vc_row]<\/p>\n","protected":false},"excerpt":{"rendered":"<p>[vc_row widthopt=\u00a0\u00bb\u00a0\u00bb fixedbg=\u00a0\u00bb\u00a0\u00bb footerrow=\u00a0\u00bb\u00a0\u00bb css=\u00a0\u00bb.vc_custom_1470910668876{margin-top: 140px !important;}\u00a0\u00bb][vc_column][vc_column_text] Su explorador no acepta iframes [\/vc_column_text][\/vc_column][\/vc_row]<\/p>\n","protected":false},"author":2,"featured_media":0,"parent":0,"menu_order":0,"comment_status":"closed","ping_status":"closed","template":"","meta":{"footnotes":""},"class_list":["post-4555","page","type-page","status-publish","hentry"],"acf":[],"yoast_head":"<!-- This site is optimized with the Yoast SEO plugin v19.10 - https:\/\/yoast.com\/wordpress\/plugins\/seo\/ -->\n<title>Activit\u00e9s \u00e0 Valence | Plages Valence<\/title>\n<meta name=\"description\" content=\"Trouvez les meilleures activit\u00e9s \u00e0 Valence \u00e0 des prix imbattables. Les billets pour Bioparc, Cit\u00e9 des Arts et des Sciences, des visites guid\u00e9es, excursions, etc ..\" \/>\n<meta name=\"robots\" content=\"index, follow, max-snippet:-1, max-image-preview:large, max-video-preview:-1\" \/>\n<link rel=\"canonical\" href=\"https:\/\/playas-valencia.com\/fr\/activites\/\" \/>\n<meta property=\"og:locale\" content=\"fr_FR\" \/>\n<meta property=\"og:type\" content=\"article\" \/>\n<meta property=\"og:title\" content=\"Activit\u00e9s \u00e0 Valence | Plages Valence\" \/>\n<meta property=\"og:description\" content=\"Trouvez les meilleures activit\u00e9s \u00e0 Valence \u00e0 des prix imbattables. Les billets pour Bioparc, Cit\u00e9 des Arts et des Sciences, des visites guid\u00e9es, excursions, etc ..\" \/>\n<meta property=\"og:url\" content=\"https:\/\/playas-valencia.com\/fr\/activites\/\" \/>\n<meta property=\"og:site_name\" content=\"Playas de Valencia\" \/>\n<meta property=\"article:modified_time\" content=\"2017-03-21T14:17:22+00:00\" \/>\n<meta name=\"twitter:card\" content=\"summary_large_image\" \/>\n<script type=\"application\/ld+json\" class=\"yoast-schema-graph\">{\"@context\":\"https:\/\/schema.org\",\"@graph\":[{\"@type\":\"WebPage\",\"@id\":\"https:\/\/playas-valencia.com\/fr\/activites\/\",\"url\":\"https:\/\/playas-valencia.com\/fr\/activites\/\",\"name\":\"Activit\u00e9s \u00e0 Valence | Plages Valence\",\"isPartOf\":{\"@id\":\"https:\/\/playas-valencia.com\/#website\"},\"datePublished\":\"2016-08-11T10:15:20+00:00\",\"dateModified\":\"2017-03-21T14:17:22+00:00\",\"description\":\"Trouvez les meilleures activit\u00e9s \u00e0 Valence \u00e0 des prix imbattables. Les billets pour Bioparc, Cit\u00e9 des Arts et des Sciences, des visites guid\u00e9es, excursions, etc ..\",\"breadcrumb\":{\"@id\":\"https:\/\/playas-valencia.com\/fr\/activites\/#breadcrumb\"},\"inLanguage\":\"fr-FR\",\"potentialAction\":[{\"@type\":\"ReadAction\",\"target\":[\"https:\/\/playas-valencia.com\/fr\/activites\/\"]}]},{\"@type\":\"BreadcrumbList\",\"@id\":\"https:\/\/playas-valencia.com\/fr\/activites\/#breadcrumb\",\"itemListElement\":[{\"@type\":\"ListItem\",\"position\":1,\"name\":\"Accueil\",\"item\":\"https:\/\/playas-valencia.com\/fr\/\"},{\"@type\":\"ListItem\",\"position\":2,\"name\":\"Activit\u00e9s\"}]},{\"@type\":\"WebSite\",\"@id\":\"https:\/\/playas-valencia.com\/#website\",\"url\":\"https:\/\/playas-valencia.com\/\",\"name\":\"Playas de Valencia\",\"description\":\"Directorio de playas\",\"potentialAction\":[{\"@type\":\"SearchAction\",\"target\":{\"@type\":\"EntryPoint\",\"urlTemplate\":\"https:\/\/playas-valencia.com\/?s={search_term_string}\"},\"query-input\":\"required name=search_term_string\"}],\"inLanguage\":\"fr-FR\"}]}<\/script>\n<!-- \/ Yoast SEO plugin. -->","yoast_head_json":{"title":"Activit\u00e9s \u00e0 Valence | Plages Valence","description":"Trouvez les meilleures activit\u00e9s \u00e0 Valence \u00e0 des prix imbattables. Les billets pour Bioparc, Cit\u00e9 des Arts et des Sciences, des visites guid\u00e9es, excursions, etc ..","robots":{"index":"index","follow":"follow","max-snippet":"max-snippet:-1","max-image-preview":"max-image-preview:large","max-video-preview":"max-video-preview:-1"},"canonical":"https:\/\/playas-valencia.com\/fr\/activites\/","og_locale":"fr_FR","og_type":"article","og_title":"Activit\u00e9s \u00e0 Valence | Plages Valence","og_description":"Trouvez les meilleures activit\u00e9s \u00e0 Valence \u00e0 des prix imbattables. Les billets pour Bioparc, Cit\u00e9 des Arts et des Sciences, des visites guid\u00e9es, excursions, etc ..","og_url":"https:\/\/playas-valencia.com\/fr\/activites\/","og_site_name":"Playas de Valencia","article_modified_time":"2017-03-21T14:17:22+00:00","twitter_card":"summary_large_image","schema":{"@context":"https:\/\/schema.org","@graph":[{"@type":"WebPage","@id":"https:\/\/playas-valencia.com\/fr\/activites\/","url":"https:\/\/playas-valencia.com\/fr\/activites\/","name":"Activit\u00e9s \u00e0 Valence | Plages Valence","isPartOf":{"@id":"https:\/\/playas-valencia.com\/#website"},"datePublished":"2016-08-11T10:15:20+00:00","dateModified":"2017-03-21T14:17:22+00:00","description":"Trouvez les meilleures activit\u00e9s \u00e0 Valence \u00e0 des prix imbattables. Les billets pour Bioparc, Cit\u00e9 des Arts et des Sciences, des visites guid\u00e9es, excursions, etc ..","breadcrumb":{"@id":"https:\/\/playas-valencia.com\/fr\/activites\/#breadcrumb"},"inLanguage":"fr-FR","potentialAction":[{"@type":"ReadAction","target":["https:\/\/playas-valencia.com\/fr\/activites\/"]}]},{"@type":"BreadcrumbList","@id":"https:\/\/playas-valencia.com\/fr\/activites\/#breadcrumb","itemListElement":[{"@type":"ListItem","position":1,"name":"Accueil","item":"https:\/\/playas-valencia.com\/fr\/"},{"@type":"ListItem","position":2,"name":"Activit\u00e9s"}]},{"@type":"WebSite","@id":"https:\/\/playas-valencia.com\/#website","url":"https:\/\/playas-valencia.com\/","name":"Playas de Valencia","description":"Directorio de playas","potentialAction":[{"@type":"SearchAction","target":{"@type":"EntryPoint","urlTemplate":"https:\/\/playas-valencia.com\/?s={search_term_string}"},"query-input":"required name=search_term_string"}],"inLanguage":"fr-FR"}]}},"_links":{"self":[{"href":"https:\/\/playas-valencia.com\/fr\/wp-json\/wp\/v2\/pages\/4555"}],"collection":[{"href":"https:\/\/playas-valencia.com\/fr\/wp-json\/wp\/v2\/pages"}],"about":[{"href":"https:\/\/playas-valencia.com\/fr\/wp-json\/wp\/v2\/types\/page"}],"author":[{"embeddable":true,"href":"https:\/\/playas-valencia.com\/fr\/wp-json\/wp\/v2\/users\/2"}],"replies":[{"embeddable":true,"href":"https:\/\/playas-valencia.com\/fr\/wp-json\/wp\/v2\/comments?post=4555"}],"version-history":[{"count":3,"href":"https:\/\/playas-valencia.com\/fr\/wp-json\/wp\/v2\/pages\/4555\/revisions"}],"predecessor-version":[{"id":5816,"href":"https:\/\/playas-valencia.com\/fr\/wp-json\/wp\/v2\/pages\/4555\/revisions\/5816"}],"wp:attachment":[{"href":"https:\/\/playas-valencia.com\/fr\/wp-json\/wp\/v2\/media?parent=4555"}],"curies":[{"name":"wp","href":"https:\/\/api.w.org\/{rel}","templated":true}]}}